{"id":988054,"date":"2022-05-05T13:11:31","date_gmt":"2022-05-05T13:11:31","guid":{"rendered":"https:\/\/amaromilone.it\/?page_id=988054"},"modified":"2022-05-05T13:11:31","modified_gmt":"2022-05-05T13:11:31","slug":"condizioni-generali-di-vendita","status":"publish","type":"page","link":"https:\/\/www.amaromilone.it\/en\/condizioni-generali-di-vendita\/","title":{"rendered":"Condizioni generali di vendita"},"content":{"rendered":"<div class=\"vgblk-rw-wrapper limit-wrapper\"><strong>INFORMATIVE GENERALI SUL VENDITORE E DISCIPLINA APPLICABILE<\/strong><\/p>\n<p>Le presenti condizioni generali di vendita (in seguito, \u201cCondizioni Generali\u201d) disciplinano l\u2019acquisto dei prodotti e dei servizi, effettuato a distanza via internet attraverso la piattaforma e-commerce www.amaromilone.it (di seguito denominata \u201cSito\u201d) nel rispetto della normativa italiana di cui al d.lgs 206\/2005 e successive modifiche e integrazioni (in seguito \u201cCodice del Consumo\u201d). La parte venditrice dei prodotti e titolare del sito \u00e8 LACINIO SRLS Via G. Mercalli, 10 &#8211; 88900 Crotone (KR) P.iva 03714460791 (di seguito anche \u2018venditrice o la societ\u00e0 venditrice\u2019).<br \/>\nIl consumatore che accede al Sito per effettuare acquisti (di seguito \u201cCliente\u201d) \u00e8 tenuto, prima dell\u2019invio dell\u2019ordine, a leggere attentamente le presenti Condizioni Generali, da intendersi (v. in seguito) anche come informative precontrattuali, che sono state messe a sua disposizione sul Sito e che saranno consultabili in ogni momento dal Cliente anche attraverso il link, gli allegati o il testo contenuto nell\u2019email di conferma inviata prima e dopo ogni ordine per consentirgliene la riproduzione e la memorizzazione. Nel caso in cui il soggetto che effettua acquisti sul Sito richieda l\u2019emissione di fattura e\/o comunque non sia un \u201cconsumatore o utente\u201d come definito all\u2019art. 3, comma 1, lett. a), del Codice del Consumo, non troveranno applicazione la disciplina del recesso di cui all\u2019art. 7 e 8 delle presenti Condizioni Generali n\u00e9, pi\u00f9 in generale, le previsioni che ai sensi del medesimo Codice del Consumo si applicano unicamente ai \u201cconsumatori\u201d. I contratti conclusi con Amaro Milone attraverso il Sito sono regolati dalle presenti Condizioni Generali nel rispetto della normativa italiana.<\/p>\n<p><strong>INFORMATIVA PRECONTRATTUALE<\/strong><\/p>\n<p>Con la trasmissione del presente documento, la societ\u00e0 venditrice offre al consumatore anche le informazioni precontrattuali di cui all\u2019art. 1 del Dlgs 21\/14 nonch\u00e9 ai sensi degli artt. 45 e segg. del Dlgs 206\/05.<\/p>\n<p>Le informazioni contenute in questa pagina saranno parte integrante del contratto a distanza o del contratto negoziato fuori dei locali commerciali, in caso di conferma dell\u2019ordine, e non potranno essere modificate se non con l\u2019accordo espresso delle parti.<\/p>\n<p><strong>INFORMAZIONI SUI PRODOTTI<\/strong><\/p>\n<p>Le caratteristiche e il prezzo dei vari prodotti in vendita sul Sito (di seguito \u201cProdotto\u201d o \u201cProdotti\u201d) sono riportati nella pagina relativa a ciascun articolo. Ogni prodotto dispone di una scheda dedicata che riporta indicazione del nome del produttore e di tutte le caratteristiche principali dell\u2019articolo. La rappresentazione visiva dei Prodotti sul Sito, ove disponibile, corrisponde normalmente all\u2019immagine fotografica a corredo della scheda descrittiva. Resta inteso che l\u2019immagine dei Prodotti stessi ha il solo scopo di presentarli per la vendita e pu\u00f2 non essere perfettamente rappresentativa delle sue caratteristiche e qualit\u00e0 ma potr\u00e0 differire per colore e dimensioni. In caso di differenza tra l\u2019immagine e la scheda prodotto scritta, fa sempre fede la descrizione della scheda prodotto. Esigue variazioni tra queste fotografie e la realt\u00e0 non costituiscono difetti di conformit\u00e0. Per tutti i prodotti venduti vale la responsabilit\u00e0 del produttore. In caso di prodotti confezionati, il produttore \u00e8 responsabile anche della veridicit\u00e0 e completezza delle indicazioni riportate sulle confezioni e sulle etichette.<\/p>\n<p><strong>SELEZIONE DEI PRODOTTI E PROCEDURA DI ORDINE<\/strong><\/p>\n<p>L\u2019invio dell\u2019ordine dal Sito ha valore di proposta contrattuale. Per l\u2019acquisto dei Prodotti il Cliente dovr\u00e0 compilare e inviare il modulo d\u2019ordine in formato elettronico, seguendo le istruzioni e le procedure contenute nel Sito. Il Cliente dovr\u00e0 aggiungere il Prodotto al \u201cCarrello\u201d e, dopo aver inserito i dati necessari per la spedizione e la fatturazione, dovr\u00e0 prendere visione delle Condizioni Generali e della Politica di Privacy e confermare la loro accettazione. La procedura di richiesta ordine si conclude con la selezione della modalit\u00e0 di pagamento desiderata e la conferma di invio ordine attraverso l\u2019apposito tasto. Con l\u2019invio dell\u2019ordine dal Sito, che ha valore di proposta contrattuale, il Cliente riconosce e dichiara di aver preso visione di tutte le indicazioni fornitegli e di accettare integralmente le presenti Condizioni Generali. Dichiara altres\u00ec di acconsentire al trattamento dei propri dati personali secondo le modalit\u00e0 indicate nella Informativa sulla Privacy. Il contratto stipulato tra Amaro Milone e il Cliente deve intendersi concluso e perfezionato con l\u2019accettazione dell\u2019ordine da parte di Amaro Milone.<br \/>\nIl Cliente controller\u00e0 l\u2019email di conferma e qualora individui degli errori nell\u2019ordine avr\u00e0 12 ore di tempo dalla ricezione di tale email per contattare il Servizio Clienti direttamente dal Sito utilizzando l\u2019apposito form di contatto. Trascorso tale termine l\u2019ordine verr\u00e0 messo in lavorazione per la spedizione e non saranno pi\u00f9 accettate modifiche, senza pregiudizio per i diritti del Cliente di cui al successivo articolo 7. Alla ricezione dell\u2019ordine Amaro Milone verificher\u00e0 la disponibilit\u00e0 degli articoli a magazzino per l\u2019evasione dell\u2019ordine stesso. Nel caso in cui uno o pi\u00f9 Prodotti non risultassero disponibili, il Servizio Clienti di Amaro Milone invier\u00e0 tempestiva comunicazione via email al Cliente il quale, entro le successive 12 ore, avr\u00e0 facolt\u00e0 di rispondere per confermare la spedizione degli eventuali ulteriori Prodotti disponibili o annullarla. In caso di mancata risposta entro tale termine, l\u2019ordine verr\u00e0 considerato confermato e i Prodotti disponibili saranno messi in spedizione. Qualora solo pochi Prodotti non risultassero in stock, Amaro Milone evader\u00e0 l\u2019ordine con i Prodotti disponibili. In entrambi i casi, l\u2019importo relativo ai Prodotti mancanti verr\u00e0 stornato immediatamente a seconda del metodo di pagamento prescelto.<\/p>\n<p>Nel rispetto della vigente normativa della Repubblica Italiana, la vendita di bevande alcoliche \u00e8 consentita solo a consumatori che abbiano compiuto il diciottesimo anno di et\u00e0. L\u2019utente di Amaro Milone che acquista articoli alcolici, conferma l\u2019accettazione delle presenti condizioni di vendita, dichiara sotto la propria responsabilit\u00e0 di disporre dei requisiti di et\u00e0 richiesti dalla legge.<\/p>\n<p><strong>PREZZI E SPEDIZIONI<\/strong><\/p>\n<p>II prezzi dei prodotti si intendono comprensivi di tutte le tasse e imposte. Tutti i prezzi sono espressi in Euro. Tutti i prodotti vengono imballati con le necessarie cautele per ricevere massima protezione agli urti e dagli sbalzi di temperatura.<\/p>\n<p><strong>MODALIT\u00c0 DI PAGAMENTO<\/strong><\/p>\n<p>Il Cliente pu\u00f2 effettuare il pagamento del prezzo dei Prodotti e delle relative spese di consegna mediante contrassegno, Paypal e bonifico bancario.<\/p>\n<ol>\n<li>Carta di credito (STRIPE): il cliente inserir\u00e0 i dati della carta di credito\/debito\/prepagata per l\u2019acquisto e nel rispetto delle relative condizioni.<\/li>\n<li>PayPal: una volta confermato l\u2019ordine, il Cliente sar\u00e0 reindirizzato al sito di PayPal dove potr\u00e0 effettuare il pagamento con il suo conto oppure utilizzando una carta, anche prepagata, o comunque secondo le modalit\u00e0 accettate da Paypal e nel rispetto delle relative condizioni.<\/li>\n<\/ol>\n<p>III.\u00a0\u00a0\u00a0\u00a0\u00a0\u00a0\u00a0\u00a0\u00a0\u00a0\u00a0 Bonifico Bancario: intestato a Lacinio SRLS <strong>IBAN:<\/strong> IT13W0859522200000000300206 &#8211; <strong>BIC\/SWIFT:<\/strong> ICRAITRRGJ0<\/p>\n<p><strong>TRASPORTO E CONSEGNA<\/strong><\/p>\n<p>I Prodotti acquistati sul Sito verranno consegnati all\u2019indirizzo indicato dal Cliente durante la procedura d\u2019acquisto nell\u2019apposita sezione \u201cindirizzi\u201d. Tutti gli acquisti verranno consegnati mediante corriere espresso (di seguito, \u201cCorriere\u201d) dal luned\u00ec al venerd\u00ec, esclusi festivi e feste nazionali. Amaro Milone non \u00e8 responsabile per ritardi non prevedibili o non imputabili ad essa. Una volta spediti i Prodotti il Cliente ricever\u00e0 un\u2019email di conferma in cui sar\u00e0 incluso un link, se disponibile, a cui fare riferimento per il tracciamento della spedizione. In ogni caso, salvo in casi di forza maggiore o caso fortuito, i Prodotti ordinati saranno consegnati entro un termine indicativo di 4\/5 (quattro\/cinque) giorni lavorativi a decorrere dal giorno successivo a quello in cui Amaro Milone ha confermato l\u2019ordine al Cliente tramite apposita email di conferma d\u2019ordine. Servizi di consegna attivi in Italia: MBE. Il servizio prevede 1 tentativo di consegna presso l\u2019indirizzo indicato al momento dell\u2019ordine. Dopo il passaggio verr\u00e0 lasciato un avviso. Qualora il destinatario non fosse rintracciabile o risultasse assente, superando il periodo di giacenza consentito dal vettore, la merce rientrer\u00e0 presso il magazzino. Il venditore non \u00e8 responsabile in caso di mancato ritiro del pacco in giacenza, che non pu\u00f2 costituire motivo di reclamo e\/o di rimborso. Nel caso in cui il cliente volesse nuovamente la merce non recapitata per compiuta giacenza e ritornata presso il magazzino del venditore, potr\u00e0 chiedere una nuova consegna (a mezzo PEC e\/o racc. a\/r lacinio@pec.it; \u00e8 LACINIO SRLS Via G. Mercalli, 10 88900 Crotone (KR) &#8211; entro e non oltre 30 giorni dal ritorno delle merci presso il venditore) previo pagamento di altre spese di spedizione.<\/p>\n<p><strong>DIRITTO DI RECESSO \u2013 RECLAMI<\/strong><\/p>\n<p>Il Cliente ha diritto di recedere dal contratto di acquisto fornendo spiegazioni. Per esercitare tale diritto, il Cliente dovr\u00e0 inviare a Amaro Milone una comunicazione entro e non oltre 14 giorni dalla data di ricevimento dei prodotti. Nel caso in cui il soggetto che effettua acquisti sul Sito richieda l\u2019emissione di fattura e\/o comunque non sia un \u201cconsumatore o utente\u201d come definito all\u2019art. 3, comma 1, lett. a), del Codice del Consumo, non troveranno applicazione la disciplina del recesso n\u00e9, pi\u00f9 in generale, le previsioni che ai sensi del medesimo Codice del Consumo si applicano unicamente ai \u201cconsumatori\u201d. Tale comunicazione dovr\u00e0 essere inviata a mezzo lettera raccomandata A\/R, indirizzata a: \u201cAmaro Milone\u201d \u2013 Amaro Milone, Via degli Abeti 12b, 88900 Crotone (KR). Il Servizio Clienti di Amaro Milone, una volta ricevuta la comunicazione, aprir\u00e0 una pratica per la gestione del reso e comunicher\u00e0 al Cliente le istruzioni sulla modalit\u00e0 di restituzione dei Prodotti, che avverr\u00e0 tramite corriere indicato da Amaro Milone stessa.<\/p>\n<p>Il diritto di recesso \u00e8 disciplinato dalle seguenti condizioni:<\/p>\n<ol>\n<li>Il diritto si applica al Prodotto acquistato nella sua interezza; pertanto qualora il Prodotto sia composto da pi\u00f9 componenti o parti non \u00e8 possibile esercitare il recesso solamente su parte del Prodotto acquistato.<\/li>\n<li>In caso di esercizio del diritto di recesso Amaro Milone rimborser\u00e0 al cliente l\u2019intero importo della merce resa, escluse spese di spedizione, entro 14 giorni dalla data in cui \u00e8 stata ricevuta la comunicazione di recesso, fermo restando il diritto di Amaro Milone di sospendere il pagamento del rimborso fino all\u2019effettivo ricevimento dei beni. Il rimborso avverr\u00e0 utilizzando lo stesso metodo di pagamento usato dal Cliente, salvo che questi non abbia espressamente richiesto una diversa modalit\u00e0. In caso di bonifico o pagamento in contrassegno sar\u00e0 cura del Cliente fornire le coordinate bancarie sulle quali ottenere il rimborso (intestatario del conto, nome e indirizzo della Banca e IBAN).<\/li>\n<\/ol>\n<p>III.\u00a0 \u00a0 \u00a0 \u00a0 \u00a0 \u00a0 I Prodotti devono essere restituiti nella stessa scatola in cui sono stati ricevuti, non danneggiati, non alterati, non aperti dall\u2019imballaggio protettivo. In caso contrario il cliente non ricever\u00e0 il rimborso.<\/p>\n<ol>\n<li>Oltre ai casi indicati in Premessa (cliente non consumatore e\/o che richieda la fattura), il diritto di recesso \u00e8 escluso nei seguenti casi, ai sensi dell\u2019art. 59 d.lgs 21\/2014: \u2013 ordine di Prodotti confezionati su misura o chiaramente personalizzati; \u2013 ordine di Prodotti che rischiano di deteriorarsi o scadere rapidamente; \u2013 ordine di Prodotti sigillati che non si prestano ad essere restituiti per motivi igienici o connessi alla protezione della salute e\/o che sono stati aperti dopo la consegna.<strong>Con riferimento ai casi di esclusione del recesso sopra elencati il Cliente, in particolare, \u00e8 informato ed accetta che tra i Prodotti che \u201crischiano di deteriorarsi o scadere rapidamente\u201d rientrano sia tutti i Prodotti alimentari (incusi vini, alcolici e bevande),<\/strong><strong>\u00a0<\/strong>in quanto le caratteristiche e le qualit\u00e0 di tali tipi di Prodotti sono soggetti ad alterazione anche in conseguenza di una conservazione non appropriata. Pertanto, per motivi igienici e di tutela dei Clienti, il diritto di recesso \u00e8 applicabile unicamente per i Prodotti acquistati sul Sito che possono essere restituiti a Amaro Milone e rimessi in commercio senza pericoli per la salute dei consumatori (quali ad esempio gadget, utensili per cucina, ecc.). Qualora il cliente intenda ugualmente rendere beni oggetto di esclusione dal diritto di recesso (ai sensi dell\u2019art. 59 lett. b) Dlgs 21\/2014), Amaro Milone rifiuter\u00e0 il pacco e\/o provveder\u00e0 a restituire al Cliente i Prodotti, addebitandogli, in questo caso, le nuove spese di spedizione.<\/li>\n<\/ol>\n<p>Spedizioni e Pagamenti<\/p>\n<p><strong>Modalit\u00e0 di Pagamento<\/strong><\/p>\n<p>Le modalit\u00e0 di pagamento accettate sono:<\/p>\n<ul>\n<li>Carta di credito: Visa, Mastercard, Maestro, Discover, Aurora<\/li>\n<li>PayPal<\/li>\n<li>Bonifico Bancario<\/li>\n<\/ul>\n<p><strong>Corriere per le spedizioni<\/strong><\/p>\n<p>Le spedizioni vengono effettuate tramite corriere espresso SDA.<\/p>\n<p>Una volta sigillato il pacco viene spedito direttamente a casa tua!<\/p>\n<p><strong>Tempi di Consegna<\/strong><\/p>\n<p>Le spedizioni vengono effettuate dal luned\u00ec al venerd\u00ec e la consegna avviene in 3-5 giorni lavorativi per le spedizioni in Italia.<\/p>\n<p><strong>Spese di Spedizione<\/strong><\/p>\n<p>Le spese di spedizione variano in base al peso dei prodotti acquistati.<\/p>\n<p><strong>\u2014\u2014\u2014\u2014\u2014<\/strong><\/p>\n<p>Per ogni reclamo e\/o segnalazione e\/o richiesta di informazioni \u00e8 possibile contattare la parte venditrice dei prodotti nonch\u00e9 titolare del sito <a href=\"http:\/\/www.amaromilone.it\/en\/\">www.amaromilone.it<\/a> \u00a0societ\u00e0 \u201cLacinio SRLS\u201d con sede in Via G. Mercalli, 10 &#8211;\u00a0 88900 Crotone (KR) P.iva 03714460791 \u2013 info@amaromilone.it<\/div>\n<p><!-- .vgblk-rw-wrapper --><\/p>","protected":false},"excerpt":{"rendered":"<p>INFORMATIVE GENERALI SUL VENDITORE E DISCIPLINA APPLICABILE Le presenti condizioni generali di vendita (in seguito, \u201cCondizioni Generali\u201d) disciplinano l\u2019acquisto dei prodotti e dei servizi, effettuato a distanza via internet attraverso la piattaforma e-commerce www.amaromilone.it (di seguito denominata \u201cSito\u201d) nel rispetto della normativa italiana di cui al d.lgs 206\/2005 e successive modifiche e integrazioni (in seguito&#8230;<\/p>","protected":false},"author":1,"featured_media":0,"parent":0,"menu_order":0,"comment_status":"closed","ping_status":"closed","template":"","meta":{"inline_featured_image":false,"footnotes":""},"class_list":["post-988054","page","type-page","status-publish","hentry"],"jetpack_sharing_enabled":true,"_links":{"self":[{"href":"https:\/\/www.amaromilone.it\/en\/wp-json\/wp\/v2\/pages\/988054","targetHints":{"allow":["GET"]}}],"collection":[{"href":"https:\/\/www.amaromilone.it\/en\/wp-json\/wp\/v2\/pages"}],"about":[{"href":"https:\/\/www.amaromilone.it\/en\/wp-json\/wp\/v2\/types\/page"}],"author":[{"embeddable":true,"href":"https:\/\/www.amaromilone.it\/en\/wp-json\/wp\/v2\/users\/1"}],"replies":[{"embeddable":true,"href":"https:\/\/www.amaromilone.it\/en\/wp-json\/wp\/v2\/comments?post=988054"}],"version-history":[{"count":1,"href":"https:\/\/www.amaromilone.it\/en\/wp-json\/wp\/v2\/pages\/988054\/revisions"}],"predecessor-version":[{"id":988055,"href":"https:\/\/www.amaromilone.it\/en\/wp-json\/wp\/v2\/pages\/988054\/revisions\/988055"}],"wp:attachment":[{"href":"https:\/\/www.amaromilone.it\/en\/wp-json\/wp\/v2\/media?parent=988054"}],"curies":[{"name":"wp","href":"https:\/\/api.w.org\/{rel}","templated":true}]}}